{"id":5225,"date":"2021-04-19T11:44:09","date_gmt":"2021-04-19T09:44:09","guid":{"rendered":"https:\/\/npkopaonik.rs\/fee-for-the-use-of-motor-vehicles\/"},"modified":"2024-11-09T20:27:51","modified_gmt":"2024-11-09T19:27:51","slug":"fee-for-the-use-of-motor-vehicles","status":"publish","type":"page","link":"https:\/\/npkopaonik.rs\/en\/fee-for-the-use-of-motor-vehicles\/","title":{"rendered":"Fee for the Use of Motor Vehicles"},"content":{"rendered":"<p><div class=\"fusion-fullwidth fullwidth-box fusion-builder-row-1 nonhundred-percent-fullwidth non-hundred-percent-height-scrolling fusion-equal-height-columns\" style=\"--awb-border-radius-top-left:0px;--awb-border-radius-top-right:0px;--awb-border-radius-bottom-right:0px;--awb-border-radius-bottom-left:0px;--awb-padding-top:3%;--awb-padding-bottom:0%;--awb-margin-bottom:0%;--awb-background-image:linear-gradient(180deg, #ffffff 0%,#f2faf9 100%);--awb-flex-wrap:wrap;\" ><div class=\"fusion-builder-row fusion-row\"><div class=\"fusion-layout-column fusion_builder_column fusion-builder-column-0 fusion_builder_column_1_1 1_1 fusion-one-full fusion-column-first fusion-column-last\" style=\"--awb-bg-size:cover;--awb-margin-top:20px;\"><div class=\"fusion-column-wrapper fusion-column-has-shadow fusion-flex-column-wrapper-legacy\"><div class=\"fusion-column-content-centered\"><div class=\"fusion-column-content\"><div class=\"fusion-alignleft\"><a class=\"fusion-button button-flat fusion-button-default-size button-default fusion-button-default button-1 fusion-button-default-span fusion-button-default-type\" target=\"_self\" href=\"https:\/\/naplatanpk.rs\/\"><span class=\"fusion-button-text awb-button__text awb-button__text--default\">\nVerify Your Charges<\/span><\/a><\/div><div class=\"fusion-alignright\"><a class=\"fusion-button button-flat fusion-button-default-size button-default fusion-button-default button-2 fusion-button-default-span fusion-button-default-type\" target=\"_self\" href=\"https:\/\/www.youtube.com\/watch?v=dh01VkDbf48\"><span class=\"fusion-button-text awb-button__text awb-button__text--default\">Video Instructions<\/span><\/a><\/div><div class=\"fusion-sep-clear\"><\/div><div class=\"fusion-separator fusion-full-width-sep\" style=\"margin-left: auto;margin-right: auto;margin-top:30px;width:100%;\"><\/div><div class=\"fusion-sep-clear\"><\/div><div class=\"fusion-text fusion-text-1\"><p>JP Kopaonik National Park charges a fee for motor vehicle use at three toll gates: \u0110orov Bridge, Brze\u0107e, and Sun\u010dana Dolina. Vehicles with hybrid or electric engines are exempt from the fee. If you enter the territory of Kopaonik National Park with such a vehicle, you are required to submit a scanned or photographed copy of the vehicle registration as proof of it being an electric or hybrid vehicle no later than 8 days from the first entry, to exempt the vehicle from the fee. If you have received an invoice for unpaid entry fees to Kopaonik National Park for a hybrid\/electric vehicle for which you did not submit registration details within the specified period, the invoice remains valid because the electronic payment system cannot distinguish between hybrid\/electric vehicles and other types based solely on photographs. Please send the scanned or photographed registration information to <strong>enaplata@npkopaonik.rs<\/strong>. The Supervisory Board of the Public Enterprise Kopaonik National Park, at its 68th session held on July 29, 2020, adopted a decision to amend the decision on fees for the use of the protected area of Kopaonik National Park. This decision approved a new pricing list for motor vehicle use.<\/p>\n<\/div><\/div><\/div><div class=\"fusion-clearfix\"><\/div><\/div><\/div><\/div><\/div><div class=\"fusion-fullwidth fullwidth-box fusion-builder-row-2 nonhundred-percent-fullwidth non-hundred-percent-height-scrolling\" style=\"--awb-border-radius-top-left:0px;--awb-border-radius-top-right:0px;--awb-border-radius-bottom-right:0px;--awb-border-radius-bottom-left:0px;--awb-padding-top:0%;--awb-padding-right:15%;--awb-padding-bottom:0%;--awb-padding-left:15%;--awb-margin-bottom:0px;--awb-background-color:rgba(255,255,255,0);--awb-flex-wrap:wrap;\" ><div class=\"fusion-builder-row fusion-row\"><div class=\"fusion-layout-column fusion_builder_column fusion-builder-column-1 fusion_builder_column_1_1 1_1 fusion-one-full fusion-column-first fusion-column-last\" style=\"--awb-bg-size:cover;--awb-margin-bottom:0%;\"><div class=\"fusion-column-wrapper fusion-column-has-shadow fusion-flex-column-wrapper-legacy\"><div class=\"fusion-section-separator section-separator curved fusion-section-separator-1\" style=\"--awb-spacer-height:99px;--awb-svg-margin-left:0;--awb-svg-margin-right:0;--awb-divider-height:99px;--awb-spacer-padding-top:inherit;--awb-sep-padding:0;--awb-svg-padding:0;\"><div class=\"fusion-section-separator-svg\"><svg class=\"fusion-curved-candy\" xmlns=\"http:\/\/www.w3.org\/2000\/svg\" version=\"1.1\" width=\"100%\" height=\"100\" viewBox=\"0 0 100 100\" preserveAspectRatio=\"none\" fill=\"rgba(242,250,249,1)\"><path d=\"M0 0 C 20 100 50 100 100 0 Z\"><\/path><\/svg><\/div><div class=\"fusion-section-separator-spacer\"><div class=\"fusion-section-separator-spacer-height\"><\/div><\/div><\/div><div class=\"fusion-clearfix\"><\/div><\/div><\/div><div class=\"fusion-layout-column fusion_builder_column fusion-builder-column-2 fusion_builder_column_1_1 1_1 fusion-one-full fusion-column-first fusion-column-last fusion-animated\" style=\"--awb-bg-size:cover;\" data-animationType=\"fadeInUp\" data-animationDuration=\"0.8\" data-animationOffset=\"top-into-view\"><div class=\"fusion-column-wrapper fusion-column-has-shadow fusion-flex-column-wrapper-legacy\"><div class=\"fusion-sep-clear\"><\/div><div class=\"fusion-separator fusion-no-small-visibility fusion-full-width-sep\" style=\"margin-left: auto;margin-right: auto;margin-top:1%;margin-bottom:2%;width:100%;\"><\/div><div class=\"fusion-sep-clear\"><\/div><div class=\"fusion-text fusion-text-2\">\n<table id=\"tablepress-13\" class=\"tablepress tablepress-id-13\">\n<thead>\n<tr class=\"row-1\">\n\t<th class=\"column-1\">Num.<\/th><th class=\"column-2\">Subject<\/th><th class=\"column-3\">Base<\/th><th class=\"column-4\">Fee<\/th>\n<\/tr>\n<\/thead>\n<tbody class=\"row-striping row-hover\">\n<tr class=\"row-2\">\n\t<td class=\"column-1\">1.<\/td><td class=\"column-2\">I category of motor vehicles up to 1.3 m high (at the front axle of the vehicle) \u2014 motorcycles and passenger vehicles<\/td><td class=\"column-3\">per day<\/td><td class=\"column-4\">300,00<\/td>\n<\/tr>\n<tr class=\"row-3\">\n\t<td class=\"column-1\"><\/td><td class=\"column-2\"><\/td><td class=\"column-3\">per week<\/td><td class=\"column-4\">800,00<\/td>\n<\/tr>\n<tr class=\"row-4\">\n\t<td class=\"column-1\"><\/td><td class=\"column-2\"><\/td><td class=\"column-3\">per year<\/td><td class=\"column-4\">2.000,00<\/td>\n<\/tr>\n<tr class=\"row-5\">\n\t<td class=\"column-1\"><\/td><td class=\"column-2\"><\/td><td class=\"column-3\"><\/td><td class=\"column-4\"><\/td>\n<\/tr>\n<tr class=\"row-6\">\n\t<td class=\"column-1\">2.<\/td><td class=\"column-2\">II category of motor vehicles with a trailer up to 1.3 m high and vans<\/td><td class=\"column-3\">per day<\/td><td class=\"column-4\">500,00<\/td>\n<\/tr>\n<tr class=\"row-7\">\n\t<td class=\"column-1\"><\/td><td class=\"column-2\"><\/td><td class=\"column-3\">per week<\/td><td class=\"column-4\">1.300,00<\/td>\n<\/tr>\n<tr class=\"row-8\">\n\t<td class=\"column-1\"><\/td><td class=\"column-2\"><\/td><td class=\"column-3\">per year<\/td><td class=\"column-4\">3.300,00<\/td>\n<\/tr>\n<tr class=\"row-9\">\n\t<td class=\"column-1\"><\/td><td class=\"column-2\"><\/td><td class=\"column-3\"><\/td><td class=\"column-4\"><\/td>\n<\/tr>\n<tr class=\"row-10\">\n\t<td class=\"column-1\">3.<\/td><td class=\"column-2\">III category of motor vehicles with a height greater than 1.3m (buses and trucks)<\/td><td class=\"column-3\">per day<\/td><td class=\"column-4\">700,00<\/td>\n<\/tr>\n<tr class=\"row-11\">\n\t<td class=\"column-1\"><\/td><td class=\"column-2\"><\/td><td class=\"column-3\">per week<\/td><td class=\"column-4\">1.800,00<\/td>\n<\/tr>\n<tr class=\"row-12\">\n\t<td class=\"column-1\"><\/td><td class=\"column-2\"><\/td><td class=\"column-3\">per year<\/td><td class=\"column-4\">4.500,00<\/td>\n<\/tr>\n<tr class=\"row-13\">\n\t<td class=\"column-1\"><\/td><td class=\"column-2\"><\/td><td class=\"column-3\"><\/td><td class=\"column-4\"><\/td>\n<\/tr>\n<tr class=\"row-14\">\n\t<td class=\"column-1\">4.<\/td><td class=\"column-2\">IV category of motor vehicles with a height of more than 1.3 m (at the front axle of the towing vehicle) with more than three axles - all vehicles with more than three axles<\/td><td class=\"column-3\">per day<\/td><td class=\"column-4\">1.700,00<\/td>\n<\/tr>\n<tr class=\"row-15\">\n\t<td class=\"column-1\"><\/td><td class=\"column-2\"><\/td><td class=\"column-3\">per week<\/td><td class=\"column-4\">4.500,00<\/td>\n<\/tr>\n<tr class=\"row-16\">\n\t<td class=\"column-1\"><\/td><td class=\"column-2\"><\/td><td class=\"column-3\">per year<\/td><td class=\"column-4\">22.000,00<\/td>\n<\/tr>\n<tr class=\"row-17\">\n\t<td class=\"column-1\"><\/td><td class=\"column-2\"><\/td><td class=\"column-3\"><\/td><td class=\"column-4\"><\/td>\n<\/tr>\n<tr class=\"row-18\">\n\t<td class=\"column-1\">5.<\/td><td class=\"column-2\">V category of motor vehicles, which includes snowmobiles, four-wheelers, i.e. quad vehicles (ATV, UTV and SSV), enduro and rally motorcycles, modified vehicles for the transport of tourists and heavy off-road jeeps<\/td><td class=\"column-3\">per day<\/td><td class=\"column-4\">300,00<\/td>\n<\/tr>\n<\/tbody>\n<\/table>\n<!-- #tablepress-13 from cache -->\n<\/div><div class=\"fusion-clearfix\"><\/div><\/div><\/div><\/div><\/div><\/p>\n","protected":false},"excerpt":{"rendered":"","protected":false},"author":1,"featured_media":4740,"parent":0,"menu_order":0,"comment_status":"closed","ping_status":"closed","template":"100-width.php","meta":{"footnotes":""},"class_list":["post-5225","page","type-page","status-publish","has-post-thumbnail","hentry"],"yoast_head":"<!-- This site is optimized with the Yoast SEO plugin v25.6 - https:\/\/yoast.com\/wordpress\/plugins\/seo\/ -->\n<title>Fee for the Use of Motor Vehicles - \u041d\u0430\u0446\u0438\u043e\u043d\u0430\u043b\u043d\u0438 \u043f\u0430\u0440\u043a \u041a\u043e\u043f\u0430\u043e\u043d\u0438\u043a<\/title>\n<meta name=\"robots\" content=\"index, follow, max-snippet:-1, max-image-preview:large, max-video-preview:-1\" \/>\n<link rel=\"canonical\" href=\"https:\/\/npkopaonik.rs\/en\/fee-for-the-use-of-motor-vehicles\/\" \/>\n<meta property=\"og:locale\" content=\"en_US\" \/>\n<meta property=\"og:type\" content=\"article\" \/>\n<meta property=\"og:title\" content=\"Fee for the Use of Motor Vehicles - \u041d\u0430\u0446\u0438\u043e\u043d\u0430\u043b\u043d\u0438 \u043f\u0430\u0440\u043a \u041a\u043e\u043f\u0430\u043e\u043d\u0438\u043a\" \/>\n<meta property=\"og:url\" content=\"https:\/\/npkopaonik.rs\/en\/fee-for-the-use-of-motor-vehicles\/\" \/>\n<meta property=\"og:site_name\" content=\"\u041d\u0430\u0446\u0438\u043e\u043d\u0430\u043b\u043d\u0438 \u043f\u0430\u0440\u043a \u041a\u043e\u043f\u0430\u043e\u043d\u0438\u043a\" \/>\n<meta property=\"article:modified_time\" content=\"2024-11-09T19:27:51+00:00\" \/>\n<meta property=\"og:image\" content=\"https:\/\/npkopaonik.rs\/wp-content\/uploads\/2021\/04\/koriscenje-motornih-vozila-u-NP-Kopaonik.jpg\" \/>\n\t<meta property=\"og:image:width\" content=\"1350\" \/>\n\t<meta property=\"og:image:height\" content=\"900\" \/>\n\t<meta property=\"og:image:type\" content=\"image\/jpeg\" \/>\n<meta name=\"twitter:card\" content=\"summary_large_image\" \/>\n<meta name=\"twitter:label1\" content=\"Est. reading time\" \/>\n\t<meta name=\"twitter:data1\" content=\"3 minutes\" \/>\n<script type=\"application\/ld+json\" class=\"yoast-schema-graph\">{\"@context\":\"https:\/\/schema.org\",\"@graph\":[{\"@type\":\"WebPage\",\"@id\":\"https:\/\/npkopaonik.rs\/en\/fee-for-the-use-of-motor-vehicles\/\",\"url\":\"https:\/\/npkopaonik.rs\/en\/fee-for-the-use-of-motor-vehicles\/\",\"name\":\"Fee for the Use of Motor Vehicles - \u041d\u0430\u0446\u0438\u043e\u043d\u0430\u043b\u043d\u0438 \u043f\u0430\u0440\u043a \u041a\u043e\u043f\u0430\u043e\u043d\u0438\u043a\",\"isPartOf\":{\"@id\":\"https:\/\/npkopaonik.rs\/en\/#website\"},\"primaryImageOfPage\":{\"@id\":\"https:\/\/npkopaonik.rs\/en\/fee-for-the-use-of-motor-vehicles\/#primaryimage\"},\"image\":{\"@id\":\"https:\/\/npkopaonik.rs\/en\/fee-for-the-use-of-motor-vehicles\/#primaryimage\"},\"thumbnailUrl\":\"https:\/\/npkopaonik.rs\/wp-content\/uploads\/2021\/04\/koriscenje-motornih-vozila-u-NP-Kopaonik.jpg\",\"datePublished\":\"2021-04-19T09:44:09+00:00\",\"dateModified\":\"2024-11-09T19:27:51+00:00\",\"breadcrumb\":{\"@id\":\"https:\/\/npkopaonik.rs\/en\/fee-for-the-use-of-motor-vehicles\/#breadcrumb\"},\"inLanguage\":\"en-US\",\"potentialAction\":[{\"@type\":\"ReadAction\",\"target\":[\"https:\/\/npkopaonik.rs\/en\/fee-for-the-use-of-motor-vehicles\/\"]}]},{\"@type\":\"ImageObject\",\"inLanguage\":\"en-US\",\"@id\":\"https:\/\/npkopaonik.rs\/en\/fee-for-the-use-of-motor-vehicles\/#primaryimage\",\"url\":\"https:\/\/npkopaonik.rs\/wp-content\/uploads\/2021\/04\/koriscenje-motornih-vozila-u-NP-Kopaonik.jpg\",\"contentUrl\":\"https:\/\/npkopaonik.rs\/wp-content\/uploads\/2021\/04\/koriscenje-motornih-vozila-u-NP-Kopaonik.jpg\",\"width\":1350,\"height\":900},{\"@type\":\"BreadcrumbList\",\"@id\":\"https:\/\/npkopaonik.rs\/en\/fee-for-the-use-of-motor-vehicles\/#breadcrumb\",\"itemListElement\":[{\"@type\":\"ListItem\",\"position\":1,\"name\":\"\u041f\u043e\u0447\u0435\u0442\u043d\u0430\",\"item\":\"https:\/\/npkopaonik.rs\/en\/home-page\/\"},{\"@type\":\"ListItem\",\"position\":2,\"name\":\"Fee for the Use of Motor Vehicles\"}]},{\"@type\":\"WebSite\",\"@id\":\"https:\/\/npkopaonik.rs\/en\/#website\",\"url\":\"https:\/\/npkopaonik.rs\/en\/\",\"name\":\"\u041d\u0430\u0446\u0438\u043e\u043d\u0430\u043b\u043d\u0438 \u043f\u0430\u0440\u043a \u041a\u043e\u043f\u0430\u043e\u043d\u0438\u043a\",\"description\":\"\u041f\u043e\u0441\u0435\u0442\u0438\u0442\u0435 \u043d\u0430\u0441 \u0438 \u0434\u043e\u0436\u0438\u0432\u0438\u0442\u0435 \u043d\u0435\u0441\u0442\u0432\u0430\u0440\u043d\u0443 \u043f\u0440\u0438\u0440\u043e\u0434\u0443\",\"publisher\":{\"@id\":\"https:\/\/npkopaonik.rs\/en\/#organization\"},\"potentialAction\":[{\"@type\":\"SearchAction\",\"target\":{\"@type\":\"EntryPoint\",\"urlTemplate\":\"https:\/\/npkopaonik.rs\/en\/?s={search_term_string}\"},\"query-input\":{\"@type\":\"PropertyValueSpecification\",\"valueRequired\":true,\"valueName\":\"search_term_string\"}}],\"inLanguage\":\"en-US\"},{\"@type\":\"Organization\",\"@id\":\"https:\/\/npkopaonik.rs\/en\/#organization\",\"name\":\"\u041d\u0430\u0446\u0438\u043e\u043d\u0430\u043b\u043d\u0438 \u043f\u0430\u0440\u043a \\\"\u041a\u043e\u043f\u0430\u043e\u043d\u0438\u043a\\\"\",\"url\":\"https:\/\/npkopaonik.rs\/en\/\",\"logo\":{\"@type\":\"ImageObject\",\"inLanguage\":\"en-US\",\"@id\":\"https:\/\/npkopaonik.rs\/en\/#\/schema\/logo\/image\/\",\"url\":\"https:\/\/npkopaonik.rs\/wp-content\/uploads\/2020\/07\/istorijat-nacionalni-park-kopaonik.png\",\"contentUrl\":\"https:\/\/npkopaonik.rs\/wp-content\/uploads\/2020\/07\/istorijat-nacionalni-park-kopaonik.png\",\"width\":800,\"height\":695,\"caption\":\"\u041d\u0430\u0446\u0438\u043e\u043d\u0430\u043b\u043d\u0438 \u043f\u0430\u0440\u043a \\\"\u041a\u043e\u043f\u0430\u043e\u043d\u0438\u043a\\\"\"},\"image\":{\"@id\":\"https:\/\/npkopaonik.rs\/en\/#\/schema\/logo\/image\/\"}}]}<\/script>\n<!-- \/ Yoast SEO plugin. -->","yoast_head_json":{"title":"Fee for the Use of Motor Vehicles - \u041d\u0430\u0446\u0438\u043e\u043d\u0430\u043b\u043d\u0438 \u043f\u0430\u0440\u043a \u041a\u043e\u043f\u0430\u043e\u043d\u0438\u043a","robots":{"index":"index","follow":"follow","max-snippet":"max-snippet:-1","max-image-preview":"max-image-preview:large","max-video-preview":"max-video-preview:-1"},"canonical":"https:\/\/npkopaonik.rs\/en\/fee-for-the-use-of-motor-vehicles\/","og_locale":"en_US","og_type":"article","og_title":"Fee for the Use of Motor Vehicles - \u041d\u0430\u0446\u0438\u043e\u043d\u0430\u043b\u043d\u0438 \u043f\u0430\u0440\u043a \u041a\u043e\u043f\u0430\u043e\u043d\u0438\u043a","og_url":"https:\/\/npkopaonik.rs\/en\/fee-for-the-use-of-motor-vehicles\/","og_site_name":"\u041d\u0430\u0446\u0438\u043e\u043d\u0430\u043b\u043d\u0438 \u043f\u0430\u0440\u043a \u041a\u043e\u043f\u0430\u043e\u043d\u0438\u043a","article_modified_time":"2024-11-09T19:27:51+00:00","og_image":[{"width":1350,"height":900,"url":"https:\/\/npkopaonik.rs\/wp-content\/uploads\/2021\/04\/koriscenje-motornih-vozila-u-NP-Kopaonik.jpg","type":"image\/jpeg"}],"twitter_card":"summary_large_image","twitter_misc":{"Est. reading time":"3 minutes"},"schema":{"@context":"https:\/\/schema.org","@graph":[{"@type":"WebPage","@id":"https:\/\/npkopaonik.rs\/en\/fee-for-the-use-of-motor-vehicles\/","url":"https:\/\/npkopaonik.rs\/en\/fee-for-the-use-of-motor-vehicles\/","name":"Fee for the Use of Motor Vehicles - \u041d\u0430\u0446\u0438\u043e\u043d\u0430\u043b\u043d\u0438 \u043f\u0430\u0440\u043a \u041a\u043e\u043f\u0430\u043e\u043d\u0438\u043a","isPartOf":{"@id":"https:\/\/npkopaonik.rs\/en\/#website"},"primaryImageOfPage":{"@id":"https:\/\/npkopaonik.rs\/en\/fee-for-the-use-of-motor-vehicles\/#primaryimage"},"image":{"@id":"https:\/\/npkopaonik.rs\/en\/fee-for-the-use-of-motor-vehicles\/#primaryimage"},"thumbnailUrl":"https:\/\/npkopaonik.rs\/wp-content\/uploads\/2021\/04\/koriscenje-motornih-vozila-u-NP-Kopaonik.jpg","datePublished":"2021-04-19T09:44:09+00:00","dateModified":"2024-11-09T19:27:51+00:00","breadcrumb":{"@id":"https:\/\/npkopaonik.rs\/en\/fee-for-the-use-of-motor-vehicles\/#breadcrumb"},"inLanguage":"en-US","potentialAction":[{"@type":"ReadAction","target":["https:\/\/npkopaonik.rs\/en\/fee-for-the-use-of-motor-vehicles\/"]}]},{"@type":"ImageObject","inLanguage":"en-US","@id":"https:\/\/npkopaonik.rs\/en\/fee-for-the-use-of-motor-vehicles\/#primaryimage","url":"https:\/\/npkopaonik.rs\/wp-content\/uploads\/2021\/04\/koriscenje-motornih-vozila-u-NP-Kopaonik.jpg","contentUrl":"https:\/\/npkopaonik.rs\/wp-content\/uploads\/2021\/04\/koriscenje-motornih-vozila-u-NP-Kopaonik.jpg","width":1350,"height":900},{"@type":"BreadcrumbList","@id":"https:\/\/npkopaonik.rs\/en\/fee-for-the-use-of-motor-vehicles\/#breadcrumb","itemListElement":[{"@type":"ListItem","position":1,"name":"\u041f\u043e\u0447\u0435\u0442\u043d\u0430","item":"https:\/\/npkopaonik.rs\/en\/home-page\/"},{"@type":"ListItem","position":2,"name":"Fee for the Use of Motor Vehicles"}]},{"@type":"WebSite","@id":"https:\/\/npkopaonik.rs\/en\/#website","url":"https:\/\/npkopaonik.rs\/en\/","name":"\u041d\u0430\u0446\u0438\u043e\u043d\u0430\u043b\u043d\u0438 \u043f\u0430\u0440\u043a \u041a\u043e\u043f\u0430\u043e\u043d\u0438\u043a","description":"\u041f\u043e\u0441\u0435\u0442\u0438\u0442\u0435 \u043d\u0430\u0441 \u0438 \u0434\u043e\u0436\u0438\u0432\u0438\u0442\u0435 \u043d\u0435\u0441\u0442\u0432\u0430\u0440\u043d\u0443 \u043f\u0440\u0438\u0440\u043e\u0434\u0443","publisher":{"@id":"https:\/\/npkopaonik.rs\/en\/#organization"},"potentialAction":[{"@type":"SearchAction","target":{"@type":"EntryPoint","urlTemplate":"https:\/\/npkopaonik.rs\/en\/?s={search_term_string}"},"query-input":{"@type":"PropertyValueSpecification","valueRequired":true,"valueName":"search_term_string"}}],"inLanguage":"en-US"},{"@type":"Organization","@id":"https:\/\/npkopaonik.rs\/en\/#organization","name":"\u041d\u0430\u0446\u0438\u043e\u043d\u0430\u043b\u043d\u0438 \u043f\u0430\u0440\u043a \"\u041a\u043e\u043f\u0430\u043e\u043d\u0438\u043a\"","url":"https:\/\/npkopaonik.rs\/en\/","logo":{"@type":"ImageObject","inLanguage":"en-US","@id":"https:\/\/npkopaonik.rs\/en\/#\/schema\/logo\/image\/","url":"https:\/\/npkopaonik.rs\/wp-content\/uploads\/2020\/07\/istorijat-nacionalni-park-kopaonik.png","contentUrl":"https:\/\/npkopaonik.rs\/wp-content\/uploads\/2020\/07\/istorijat-nacionalni-park-kopaonik.png","width":800,"height":695,"caption":"\u041d\u0430\u0446\u0438\u043e\u043d\u0430\u043b\u043d\u0438 \u043f\u0430\u0440\u043a \"\u041a\u043e\u043f\u0430\u043e\u043d\u0438\u043a\""},"image":{"@id":"https:\/\/npkopaonik.rs\/en\/#\/schema\/logo\/image\/"}}]}},"jetpack_sharing_enabled":true,"_links":{"self":[{"href":"https:\/\/npkopaonik.rs\/en\/wp-json\/wp\/v2\/pages\/5225","targetHints":{"allow":["GET"]}}],"collection":[{"href":"https:\/\/npkopaonik.rs\/en\/wp-json\/wp\/v2\/pages"}],"about":[{"href":"https:\/\/npkopaonik.rs\/en\/wp-json\/wp\/v2\/types\/page"}],"author":[{"embeddable":true,"href":"https:\/\/npkopaonik.rs\/en\/wp-json\/wp\/v2\/users\/1"}],"replies":[{"embeddable":true,"href":"https:\/\/npkopaonik.rs\/en\/wp-json\/wp\/v2\/comments?post=5225"}],"version-history":[{"count":6,"href":"https:\/\/npkopaonik.rs\/en\/wp-json\/wp\/v2\/pages\/5225\/revisions"}],"predecessor-version":[{"id":5781,"href":"https:\/\/npkopaonik.rs\/en\/wp-json\/wp\/v2\/pages\/5225\/revisions\/5781"}],"wp:featuredmedia":[{"embeddable":true,"href":"https:\/\/npkopaonik.rs\/en\/wp-json\/wp\/v2\/media\/4740"}],"wp:attachment":[{"href":"https:\/\/npkopaonik.rs\/en\/wp-json\/wp\/v2\/media?parent=5225"}],"curies":[{"name":"wp","href":"https:\/\/api.w.org\/{rel}","templated":true}]}}